{"id":413,"date":"2018-07-26T12:16:19","date_gmt":"2018-07-26T12:16:19","guid":{"rendered":"http:\/\/lmsdemo.loc\/lms\/?page_id=413"},"modified":"2022-02-19T18:43:20","modified_gmt":"2022-02-19T18:43:20","slug":"contactenos","status":"publish","type":"page","link":"https:\/\/feyvictoria.com\/IBV\/contactenos\/","title":{"rendered":"Cont\u00e1ctenos"},"content":{"rendered":"\t\t<div data-elementor-type=\"wp-page\" data-elementor-id=\"413\" class=\"elementor elementor-413\">\n\t\t\t\t\t\t<section class=\"elementor-section elementor-top-section elementor-element elementor-element-db20464 elementor-section-stretched elementor-section-boxed elementor-section-height-default elementor-section-height-default\" data-id=\"db20464\" data-element_type=\"section\" data-e-type=\"section\" data-settings=\"{&quot;background_background&quot;:&quot;classic&quot;,&quot;stretch_section&quot;:&quot;section-stretched&quot;}\">\n\t\t\t\t\t\t<div class=\"elementor-container elementor-column-gap-default\">\n\t\t\t\t\t<div class=\"elementor-column elementor-col-50 elementor-top-column elementor-element elementor-element-db21bd7 stm_icon_box_responsive\" data-id=\"db21bd7\" data-element_type=\"column\" data-e-type=\"column\">\n\t\t\t<div class=\"elementor-widget-wrap elementor-element-populated\">\n\t\t\t\t\t\t<div class=\"elementor-element elementor-element-db226f6 elementor-widget elementor-widget-vc_custom_heading\" data-id=\"db226f6\" data-element_type=\"widget\" data-e-type=\"widget\" data-widget_type=\"vc_custom_heading.default\">\n\t\t\t\t<div class=\"elementor-widget-container\">\n\t\t\t\t\t<div class=\" vc_custom_heading  masterstudy_heading_font  text_align_left\" ><h3 style=\"text-align: left;font-weight:300\" class=\"masterstudy-custom-title\">Contact Info:\n<\/h3><\/div>\t\t\t\t<\/div>\n\t\t\t\t<\/div>\n\t\t\t\t<div class=\"elementor-element elementor-element-db22b3b elementor-widget elementor-widget-stm_icon_box\" data-id=\"db22b3b\" data-element_type=\"widget\" data-e-type=\"widget\" data-widget_type=\"stm_icon_box.default\">\n\t\t\t\t<div class=\"elementor-widget-container\">\n\t\t\t\t\t<style type=\"text\/css\">.module__23c8e5512733cee7f1ac7c21c19258e7 {\n    background:#ffffff !important; color:#555555;\n}\n\n.module__23c8e5512733cee7f1ac7c21c19258e7 .icon {\n    width:35px;\n}\n.module__23c8e5512733cee7f1ac7c21c19258e7 .icon svg {\n\twidth: 35px;\n\theight: 35px;\n}\n.module__23c8e5512733cee7f1ac7c21c19258e7 .icon svg,\n.module__23c8e5512733cee7f1ac7c21c19258e7 .icon i {\n    font-size: 35px;\n    color: #eab830 !important;\n}\n.icon_alignment_top_left .module__23c8e5512733cee7f1ac7c21c19258e7 {\n    text-align: left;\n}\n.icon_alignment_top_center .module__23c8e5512733cee7f1ac7c21c19258e7 {\n    text-align: center;\n    margin-right: auto;\n    margin-left: auto;\n}\n.icon_alignment_top_right .module__23c8e5512733cee7f1ac7c21c19258e7 {\n    text-align: right;\n    margin-right: 0;\n    margin-left: auto;\n}\n<\/style>\n\t<a\t\n\t\thref=\"#\" \n\t\ttitle=\"\"\n\t\t\t>\n\n\t<div class=\"icon_box masterstudy_elementor_icon_box  stm_icon_box_hover_none standart module__23c8e5512733cee7f1ac7c21c19258e7 box_align_left clearfix\">\n\t\t<div class=\"icon_alignment_left\">\n\t\t\t\t\t\t\t<div class=\"icon module__23c8e5512733cee7f1ac7c21c19258e7\">\n\t\t\t\t\t\t\t\t\t\t\t<i class=\" fa-icon-stm_icon_pin-o\"><\/i>\n\t\t\t\t\t\t\t\t\t<\/div>\n\t\t\t\n\t\t\t<div class=\"icon_text\">\n\t\t\t\t\t\t\t\t\t<h5 style=\"color:#555555\">\n\t\t\t\t\t\tPostal Address:\t\t\t\t\t<\/h5>\n\t\t\t\t\t\t\t\t<p><p>Iglesia Fe y Victoria,<\/p><p>Apdo. 326, Carretera a Tela, Fte a UTH<\/p><p>El Progreso, Honduras<\/p><\/p>\t\t\t<\/div>\n\t\t<\/div> <!-- align icons -->\n\t<\/div>\n\n\t<\/a>\n\t\t\t\t<\/div>\n\t\t\t\t<\/div>\n\t\t\t\t<section class=\"elementor-section elementor-top-section elementor-element elementor-element-db22d51 elementor-section-boxed elementor-section-height-default elementor-section-height-default\" data-id=\"db22d51\" data-element_type=\"section\" data-e-type=\"section\" data-settings=\"{&quot;background_background&quot;:&quot;classic&quot;}\">\n\t\t\t\t\t\t<div class=\"elementor-container elementor-column-gap-default\">\n\t\t\t\t\t<div class=\"elementor-column elementor-col-100 elementor-top-column elementor-element elementor-element-db234ba stm_sm_gutter_back\" data-id=\"db234ba\" data-element_type=\"column\" data-e-type=\"column\" data-settings=\"{&quot;background_background&quot;:&quot;classic&quot;}\">\n\t\t\t<div class=\"elementor-widget-wrap elementor-element-populated\">\n\t\t\t\t\t\t<div class=\"elementor-element elementor-element-db23ff3 elementor-widget elementor-widget-stm_icon_box\" data-id=\"db23ff3\" data-element_type=\"widget\" data-e-type=\"widget\" data-widget_type=\"stm_icon_box.default\">\n\t\t\t\t<div class=\"elementor-widget-container\">\n\t\t\t\t\t<style type=\"text\/css\">.module__b7d04e75b9f332199cc240ccf2809c4e {\n    background:#ffffff !important; color:#555555;\n}\n\n.module__b7d04e75b9f332199cc240ccf2809c4e .icon {\n    width:35px;\n}\n.module__b7d04e75b9f332199cc240ccf2809c4e .icon svg {\n\twidth: 33px;\n\theight: 33px;\n}\n.module__b7d04e75b9f332199cc240ccf2809c4e .icon svg,\n.module__b7d04e75b9f332199cc240ccf2809c4e .icon i {\n    font-size: 33px;\n    color: #eab830 !important;\n}\n.icon_alignment_top_left .module__b7d04e75b9f332199cc240ccf2809c4e {\n    text-align: left;\n}\n.icon_alignment_top_center .module__b7d04e75b9f332199cc240ccf2809c4e {\n    text-align: center;\n    margin-right: auto;\n    margin-left: auto;\n}\n.icon_alignment_top_right .module__b7d04e75b9f332199cc240ccf2809c4e {\n    text-align: right;\n    margin-right: 0;\n    margin-left: auto;\n}\n<\/style>\n\t<a\t\n\t\thref=\"#\" \n\t\ttitle=\"\"\n\t\t\t>\n\n\t<div class=\"icon_box masterstudy_elementor_icon_box  stm_icon_box_hover_none dark module__b7d04e75b9f332199cc240ccf2809c4e box_align_left clearfix\">\n\t\t<div class=\"icon_alignment_left\">\n\t\t\t\t\t\t\t<div class=\"icon module__b7d04e75b9f332199cc240ccf2809c4e\">\n\t\t\t\t\t\t\t\t\t\t\t<i class=\" fa-icon-stm_icon_phone-o\"><\/i>\n\t\t\t\t\t\t\t\t\t<\/div>\n\t\t\t\n\t\t\t<div class=\"icon_text\">\n\t\t\t\t\t\t\t\t\t<h5 style=\"color:#555555\">\n\t\t\t\t\t\tPhone:\t\t\t\t\t<\/h5>\n\t\t\t\t\t\t\t\t<p><p>+504 2647 0408<\/p><\/p>\t\t\t<\/div>\n\t\t<\/div> <!-- align icons -->\n\t<\/div>\n\n\t<\/a>\n\t\t\t\t<\/div>\n\t\t\t\t<\/div>\n\t\t\t\t\t<\/div>\n\t\t<\/div>\n\t\t\t\t<div class=\"elementor-column elementor-col-100 elementor-top-column elementor-element elementor-element-db24382 stm_sm_gutter_back\" data-id=\"db24382\" data-element_type=\"column\" data-e-type=\"column\" data-settings=\"{&quot;background_background&quot;:&quot;classic&quot;}\">\n\t\t\t<div class=\"elementor-widget-wrap elementor-element-populated\">\n\t\t\t\t\t\t<div class=\"elementor-element elementor-element-db2531b elementor-widget elementor-widget-stm_icon_box\" data-id=\"db2531b\" data-element_type=\"widget\" data-e-type=\"widget\" data-widget_type=\"stm_icon_box.default\">\n\t\t\t\t<div class=\"elementor-widget-container\">\n\t\t\t\t\t<style type=\"text\/css\">.module__1d94710f17f2f29c2da50b0133249519 {\n    background:#ffffff !important; color:#555555;\n}\n\n.module__1d94710f17f2f29c2da50b0133249519 .icon {\n    width:35px;\n}\n.module__1d94710f17f2f29c2da50b0133249519 .icon svg {\n\twidth: 33px;\n\theight: 33px;\n}\n.module__1d94710f17f2f29c2da50b0133249519 .icon svg,\n.module__1d94710f17f2f29c2da50b0133249519 .icon i {\n    font-size: 33px;\n    color: #eab830 !important;\n}\n.icon_alignment_top_left .module__1d94710f17f2f29c2da50b0133249519 {\n    text-align: left;\n}\n.icon_alignment_top_center .module__1d94710f17f2f29c2da50b0133249519 {\n    text-align: center;\n    margin-right: auto;\n    margin-left: auto;\n}\n.icon_alignment_top_right .module__1d94710f17f2f29c2da50b0133249519 {\n    text-align: right;\n    margin-right: 0;\n    margin-left: auto;\n}\n<\/style>\n\t<a\t\n\t\thref=\"#\" \n\t\ttitle=\"\"\n\t\t\t>\n\n\t<div class=\"icon_box masterstudy_elementor_icon_box  stm_icon_box_hover_none dark module__1d94710f17f2f29c2da50b0133249519 box_align_left clearfix\">\n\t\t<div class=\"icon_alignment_left\">\n\t\t\t\t\t\t\t<div class=\"icon module__1d94710f17f2f29c2da50b0133249519\">\n\t\t\t\t\t\t\t\t\t\t\t<i class=\" fa-icon-stm_icon_skype-o\"><\/i>\n\t\t\t\t\t\t\t\t\t<\/div>\n\t\t\t\n\t\t\t<div class=\"icon_text\">\n\t\t\t\t\t\t\t\t\t<h5 style=\"color:#555555\">\n\t\t\t\t\t\tSkype:\t\t\t\t\t<\/h5>\n\t\t\t\t\t\t\t\t<p><p>ibv.feyvictoria<\/p><\/p>\t\t\t<\/div>\n\t\t<\/div> <!-- align icons -->\n\t<\/div>\n\n\t<\/a>\n\t\t\t\t<\/div>\n\t\t\t\t<\/div>\n\t\t\t\t\t<\/div>\n\t\t<\/div>\n\t\t\t\t\t<\/div>\n\t\t<\/section>\n\t\t\t\t<section class=\"elementor-section elementor-top-section elementor-element elementor-element-db254f8 elementor-section-boxed elementor-section-height-default elementor-section-height-default\" data-id=\"db254f8\" data-element_type=\"section\" data-e-type=\"section\" data-settings=\"{&quot;background_background&quot;:&quot;classic&quot;}\">\n\t\t\t\t\t\t<div class=\"elementor-container elementor-column-gap-default\">\n\t\t\t\t\t<div class=\"elementor-column elementor-col-100 elementor-top-column elementor-element elementor-element-db25e0c stm_sm_gutter_back stm_bottom_border\" data-id=\"db25e0c\" data-element_type=\"column\" data-e-type=\"column\" data-settings=\"{&quot;background_background&quot;:&quot;classic&quot;}\">\n\t\t\t<div class=\"elementor-widget-wrap elementor-element-populated\">\n\t\t\t\t\t\t<div class=\"elementor-element elementor-element-db26b92 elementor-widget elementor-widget-stm_icon_box\" data-id=\"db26b92\" data-element_type=\"widget\" data-e-type=\"widget\" data-widget_type=\"stm_icon_box.default\">\n\t\t\t\t<div class=\"elementor-widget-container\">\n\t\t\t\t\t<style type=\"text\/css\">.module__70e3b7ecb7ee2bc36d6d78024a357116 {\n    background:#ffffff !important; color:#555555;\n}\n\n.module__70e3b7ecb7ee2bc36d6d78024a357116 .icon {\n    width:35px;\n}\n.module__70e3b7ecb7ee2bc36d6d78024a357116 .icon svg {\n\twidth: 22px;\n\theight: 22px;\n}\n.module__70e3b7ecb7ee2bc36d6d78024a357116 .icon svg,\n.module__70e3b7ecb7ee2bc36d6d78024a357116 .icon i {\n    font-size: 22px;\n    color: #eab830 !important;\n}\n.icon_alignment_top_left .module__70e3b7ecb7ee2bc36d6d78024a357116 {\n    text-align: left;\n}\n.icon_alignment_top_center .module__70e3b7ecb7ee2bc36d6d78024a357116 {\n    text-align: center;\n    margin-right: auto;\n    margin-left: auto;\n}\n.icon_alignment_top_right .module__70e3b7ecb7ee2bc36d6d78024a357116 {\n    text-align: right;\n    margin-right: 0;\n    margin-left: auto;\n}\n<\/style>\n\t<a\t\n\t\thref=\"#\" \n\t\ttitle=\"\"\n\t\t\t>\n\n\t<div class=\"icon_box masterstudy_elementor_icon_box  stm_icon_box_hover_none dark module__70e3b7ecb7ee2bc36d6d78024a357116 box_align_left clearfix\">\n\t\t<div class=\"icon_alignment_left\">\n\t\t\t\t\t\t\t<div class=\"icon module__70e3b7ecb7ee2bc36d6d78024a357116\">\n\t\t\t\t\t\t\t\t\t\t\t<i class=\" fa-icon-stm_icon_mail-o\"><\/i>\n\t\t\t\t\t\t\t\t\t<\/div>\n\t\t\t\n\t\t\t<div class=\"icon_text\">\n\t\t\t\t\t\t\t\t\t<h5 style=\"color:#555555\">\n\t\t\t\t\t\tEmail:\t\t\t\t\t<\/h5>\n\t\t\t\t\t\t\t\t<p><p>ibv@feyvictoria.com<\/p><\/p>\t\t\t<\/div>\n\t\t<\/div> <!-- align icons -->\n\t<\/div>\n\n\t<\/a>\n\t\t\t\t<\/div>\n\t\t\t\t<\/div>\n\t\t\t\t\t<\/div>\n\t\t<\/div>\n\t\t\t\t<div class=\"elementor-column elementor-col-100 elementor-top-column elementor-element elementor-element-db26d6a stm_sm_gutter_back\" data-id=\"db26d6a\" data-element_type=\"column\" data-e-type=\"column\" data-settings=\"{&quot;background_background&quot;:&quot;classic&quot;}\">\n\t\t\t<div class=\"elementor-widget-wrap elementor-element-populated\">\n\t\t\t\t\t\t<div class=\"elementor-element elementor-element-db27307 elementor-widget elementor-widget-stm_icon_box\" data-id=\"db27307\" data-element_type=\"widget\" data-e-type=\"widget\" data-widget_type=\"stm_icon_box.default\">\n\t\t\t\t<div class=\"elementor-widget-container\">\n\t\t\t\t\t<style type=\"text\/css\">.module__0ff07356085e62dae2d5e484355b6b11 {\n    background:#ffffff !important; color:#555555;\n}\n\n.module__0ff07356085e62dae2d5e484355b6b11 .icon {\n    width:35px;\n}\n.module__0ff07356085e62dae2d5e484355b6b11 .icon svg {\n\twidth: 33px;\n\theight: 33px;\n}\n.module__0ff07356085e62dae2d5e484355b6b11 .icon svg,\n.module__0ff07356085e62dae2d5e484355b6b11 .icon i {\n    font-size: 33px;\n    color: #eab830 !important;\n}\n.icon_alignment_top_left .module__0ff07356085e62dae2d5e484355b6b11 {\n    text-align: left;\n}\n.icon_alignment_top_center .module__0ff07356085e62dae2d5e484355b6b11 {\n    text-align: center;\n    margin-right: auto;\n    margin-left: auto;\n}\n.icon_alignment_top_right .module__0ff07356085e62dae2d5e484355b6b11 {\n    text-align: right;\n    margin-right: 0;\n    margin-left: auto;\n}\n<\/style>\n\t<a\t\n\t\thref=\"#\" \n\t\ttitle=\"\"\n\t\t\t>\n\n\t<div class=\"icon_box masterstudy_elementor_icon_box  stm_icon_box_hover_none dark module__0ff07356085e62dae2d5e484355b6b11 box_align_left clearfix\">\n\t\t<div class=\"icon_alignment_left\">\n\t\t\t\t\t\t\t<div class=\"icon module__0ff07356085e62dae2d5e484355b6b11\">\n\t\t\t\t\t\t\t\t\t\t\t<i class=\" fa-icon-stm_icon_earth\"><\/i>\n\t\t\t\t\t\t\t\t\t<\/div>\n\t\t\t\n\t\t\t<div class=\"icon_text\">\n\t\t\t\t\t\t\t\t\t<h5 style=\"color:#555555\">\n\t\t\t\t\t\tWeb:\t\t\t\t\t<\/h5>\n\t\t\t\t\t\t\t\t<p><p>feyvictoria.com\/IBV<\/p><\/p>\t\t\t<\/div>\n\t\t<\/div> <!-- align icons -->\n\t<\/div>\n\n\t<\/a>\n\t\t\t\t<\/div>\n\t\t\t\t<\/div>\n\t\t\t\t\t<\/div>\n\t\t<\/div>\n\t\t\t\t\t<\/div>\n\t\t<\/section>\n\t\t\t\t\t<\/div>\n\t\t<\/div>\n\t\t\t\t<div class=\"elementor-column elementor-col-50 elementor-top-column elementor-element elementor-element-db275bd\" data-id=\"db275bd\" data-element_type=\"column\" data-e-type=\"column\">\n\t\t\t<div class=\"elementor-widget-wrap elementor-element-populated\">\n\t\t\t\t\t\t<div class=\"elementor-element elementor-element-db27c5c elementor-widget elementor-widget-vc_custom_heading\" data-id=\"db27c5c\" data-element_type=\"widget\" data-e-type=\"widget\" data-widget_type=\"vc_custom_heading.default\">\n\t\t\t\t<div class=\"elementor-widget-container\">\n\t\t\t\t\t<div class=\" vc_custom_heading  masterstudy_heading_font  text_align_left\" ><h3 style=\"text-align: left;font-weight:300\" class=\"masterstudy-custom-title\">Location Info:\n<\/h3><\/div>\t\t\t\t<\/div>\n\t\t\t\t<\/div>\n\t\t\t\t<div class=\"elementor-element elementor-element-db28756 elementor-widget elementor-widget-google_maps\" data-id=\"db28756\" data-element_type=\"widget\" data-e-type=\"widget\" data-widget_type=\"google_maps.default\">\n\t\t\t\t<div class=\"elementor-widget-container\">\n\t\t\t\t\t\t\t<div class=\"elementor-custom-embed\">\n\t\t\t<iframe loading=\"lazy\"\n\t\t\t\t\tsrc=\"https:\/\/maps.google.com\/maps?q=Fe%20y%20Victoria%2C%20Carretera%20a%20Tela%2C%20El%20Progreso%2C%20Honduras&#038;t=m&#038;z=10&#038;output=embed&#038;iwloc=near\"\n\t\t\t\t\ttitle=\"Fe y Victoria, Carretera a Tela, El Progreso, Honduras\"\n\t\t\t\t\taria-label=\"Fe y Victoria, Carretera a Tela, El Progreso, Honduras\"\n\t\t\t><\/iframe>\n\t\t<\/div>\n\t\t\t\t\t\t<\/div>\n\t\t\t\t<\/div>\n\t\t\t\t\t<\/div>\n\t\t<\/div>\n\t\t\t\t\t<\/div>\n\t\t<\/section>\n\t\t\t\t<section class=\"elementor-section elementor-top-section elementor-element elementor-element-db28c91 elementor-section-boxed elementor-section-height-default elementor-section-height-default\" data-id=\"db28c91\" data-element_type=\"section\" data-e-type=\"section\">\n\t\t\t\t\t\t<div class=\"elementor-container elementor-column-gap-default\">\n\t\t\t\t\t<div class=\"elementor-column elementor-col-100 elementor-top-column elementor-element elementor-element-db297d9\" data-id=\"db297d9\" data-element_type=\"column\" data-e-type=\"column\">\n\t\t\t<div class=\"elementor-widget-wrap elementor-element-populated\">\n\t\t\t\t\t\t<div class=\"elementor-element elementor-element-db29d75 elementor-widget elementor-widget-stm_multy_separator\" data-id=\"db29d75\" data-element_type=\"widget\" data-e-type=\"widget\" data-widget_type=\"stm_multy_separator.default\">\n\t\t\t\t<div class=\"elementor-widget-container\">\n\t\t\t\t\t\n<div class=\"multiseparator masterstudy_elementor_multy_separator_\"><\/div>\n\t\t\t\t<\/div>\n\t\t\t\t<\/div>\n\t\t\t\t\t<\/div>\n\t\t<\/div>\n\t\t\t\t\t<\/div>\n\t\t<\/section>\n\t\t\t\t<section class=\"elementor-section elementor-top-section elementor-element elementor-element-db29ed1 elementor-section-boxed elementor-section-height-default elementor-section-height-default\" data-id=\"db29ed1\" data-element_type=\"section\" data-e-type=\"section\">\n\t\t\t\t\t\t<div class=\"elementor-container elementor-column-gap-default\">\n\t\t\t\t\t<div class=\"elementor-column elementor-col-66 elementor-top-column elementor-element elementor-element-db2a591 custom-border\" data-id=\"db2a591\" data-element_type=\"column\" data-e-type=\"column\" data-settings=\"{&quot;background_background&quot;:&quot;classic&quot;}\">\n\t\t\t<div class=\"elementor-widget-wrap elementor-element-populated\">\n\t\t\t\t\t\t<div class=\"elementor-element elementor-element-db2ad85 elementor-widget elementor-widget-vc_custom_heading\" data-id=\"db2ad85\" data-element_type=\"widget\" data-e-type=\"widget\" data-widget_type=\"vc_custom_heading.default\">\n\t\t\t\t<div class=\"elementor-widget-container\">\n\t\t\t\t\t<div class=\" vc_custom_heading  masterstudy_heading_font  text_align_left\" ><h3 style=\"text-align: left;font-weight:300\" class=\"masterstudy-custom-title\">Escribanos:\n<\/h3><\/div>\t\t\t\t<\/div>\n\t\t\t\t<\/div>\n\t\t\t\t<div class=\"elementor-element elementor-element-db2b039 elementor-widget elementor-widget-stm_contact_form_7\" data-id=\"db2b039\" data-element_type=\"widget\" data-e-type=\"widget\" data-widget_type=\"stm_contact_form_7.default\">\n\t\t\t\t<div class=\"elementor-widget-container\">\n\t\t\t\t\t\n<div class=\"wpcf7 no-js\" id=\"wpcf7-f403-o1\" lang=\"en-US\" dir=\"ltr\" data-wpcf7-id=\"403\">\n<div class=\"screen-reader-response\"><p role=\"status\" aria-live=\"polite\" aria-atomic=\"true\"><\/p> <ul><\/ul><\/div>\n<form action=\"\/IBV\/wp-json\/wp\/v2\/pages\/413#wpcf7-f403-o1\" method=\"post\" class=\"wpcf7-form init\" aria-label=\"Contact form\" novalidate=\"novalidate\" data-status=\"init\">\n<fieldset class=\"hidden-fields-container\"><input type=\"hidden\" name=\"_wpcf7\" value=\"403\" \/><input type=\"hidden\" name=\"_wpcf7_version\" value=\"6.1.5\" \/><input type=\"hidden\" name=\"_wpcf7_locale\" value=\"en_US\" \/><input type=\"hidden\" name=\"_wpcf7_unit_tag\" value=\"wpcf7-f403-o1\" \/><input type=\"hidden\" name=\"_wpcf7_container_post\" value=\"0\" \/><input type=\"hidden\" name=\"_wpcf7_posted_data_hash\" value=\"\" \/>\n<\/fieldset>\n<div class=\"row\">\n\t<div class=\"col-xs-12 col-sm-6 col-md-6 col-lg-6\">\n\t\t<div class=\"form-group\">\n\t\t\t<p><span class=\"wpcf7-form-control-wrap\" data-name=\"name\"><input size=\"40\" maxlength=\"400\" class=\"wpcf7-form-control wpcf7-text wpcf7-validates-as-required form-control\" aria-required=\"true\" aria-invalid=\"false\" placeholder=\"Your Name\" value=\"\" type=\"text\" name=\"name\" \/><\/span>\n\t\t\t<\/p>\n\t\t<\/div>\n\t<\/div>\n\t<div class=\"col-xs-12 col-sm-6 col-md-6 col-lg-6\">\n\t\t<div class=\"form-group\">\n\t\t\t<p><span class=\"wpcf7-form-control-wrap\" data-name=\"email\"><input size=\"40\" maxlength=\"400\" class=\"wpcf7-form-control wpcf7-email wpcf7-validates-as-required wpcf7-text wpcf7-validates-as-email form-control\" aria-required=\"true\" aria-invalid=\"false\" placeholder=\"Your Email\" value=\"\" type=\"email\" name=\"email\" \/><\/span>\n\t\t\t<\/p>\n\t\t<\/div>\n\t<\/div>\n<\/div>\n<div class=\"row\">\n\t<div class=\"col-xs-12 col-sm-12 col-md-12 col-lg-12\">\n\t\t<div class=\"form-group\">\n\t\t\t<p><span class=\"wpcf7-form-control-wrap\" data-name=\"message\"><textarea cols=\"40\" rows=\"9\" maxlength=\"2000\" class=\"wpcf7-form-control wpcf7-textarea wpcf7-validates-as-required form-control\" aria-required=\"true\" aria-invalid=\"false\" name=\"message\"><\/textarea><\/span>\n\t\t\t<\/p>\n\t\t<\/div>\n\t<\/div>\n<\/div>\n<div class=\"row\">\n\t<div class=\"col-xs-12 col-sm-12 col-md-12 col-lg-12\">\n\t\t<p><input class=\"wpcf7-form-control wpcf7-submit has-spinner btn btn-default\" type=\"submit\" value=\"Submit\" \/>\n\t\t<\/p>\n\t<\/div>\n<\/div><div class=\"wpcf7-response-output\" aria-hidden=\"true\"><\/div>\n<\/form>\n<\/div>\n\t\t\t\t<\/div>\n\t\t\t\t<\/div>\n\t\t\t\t\t<\/div>\n\t\t<\/div>\n\t\t\t\t<div class=\"elementor-column elementor-col-33 elementor-top-column elementor-element elementor-element-db2b0cd\" data-id=\"db2b0cd\" data-element_type=\"column\" data-e-type=\"column\" data-settings=\"{&quot;background_background&quot;:&quot;classic&quot;}\">\n\t\t\t<div class=\"elementor-widget-wrap elementor-element-populated\">\n\t\t\t\t\t\t<div class=\"elementor-element elementor-element-db2b625 elementor-widget elementor-widget-vc_custom_heading\" data-id=\"db2b625\" data-element_type=\"widget\" data-e-type=\"widget\" data-widget_type=\"vc_custom_heading.default\">\n\t\t\t\t<div class=\"elementor-widget-container\">\n\t\t\t\t\t<div class=\" vc_custom_heading  masterstudy_heading_font  text_align_left\" ><h3 style=\"text-align: left;font-weight:300\" class=\"masterstudy-custom-title\">Your Contact\n<\/h3><\/div>\t\t\t\t<\/div>\n\t\t\t\t<\/div>\n\t\t\t\t<div class=\"elementor-element elementor-element-db2bb3c elementor-widget elementor-widget-stm_contact\" data-id=\"db2bb3c\" data-element_type=\"widget\" data-e-type=\"widget\" data-widget_type=\"stm_contact.default\">\n\t\t\t\t<div class=\"elementor-widget-container\">\n\t\t\t\t\t\n<div class=\"stm_contact masterstudy_elementor_contact_ clearfix\">\n\t\t<div class=\"stm_contact_info\">\n\t\t\t\t\t<h4 class=\"name\">\n\t\t\t\tBernard Hannen\t\t\t<\/h4>\n\t\t\t\t\t\t\t<div class=\"stm_contact_job heading_font\">\n\t\t\t\tHead of communications\t\t\t<\/div>\n\t\t\t\t\t\t\t<div class=\"stm_contact_row\">\n\t\t\t\tTel\u00e9fono: 212 386 5575\t\t\t<\/div>\n\t\t\t\t\t\t\t<div class=\"stm_contact_row\">\n\t\t\t\tCorreo electr\u00f3nico:\t\t\t\t<a href=\"mailto:bernard@stylemix.net\">\n\t\t\t\t\tbernard@stylemix.net\t\t\t\t<\/a>\n\t\t\t<\/div>\n\t\t\t\t\t\t\t<div class=\"stm_contact_row\">\n\t\t\t\tSkype: \t\t\t\t<a href=\"skype:johnsonconstruct?chat\">\n\t\t\t\t\tjohnsonconstruct\t\t\t\t<\/a>\n\t\t\t<\/div>\n\t\t\t<\/div>\n<\/div>\n\t\t\t\t<\/div>\n\t\t\t\t<\/div>\n\t\t\t\t<div class=\"elementor-element elementor-element-db2c82b elementor-widget elementor-widget-stm_contact\" data-id=\"db2c82b\" data-element_type=\"widget\" data-e-type=\"widget\" data-widget_type=\"stm_contact.default\">\n\t\t\t\t<div class=\"elementor-widget-container\">\n\t\t\t\t\t\n<div class=\"stm_contact masterstudy_elementor_contact_ clearfix\">\n\t\t\t<div class=\"stm_contact_image\">\n\t\t\t<img data-src='https:\/\/feyvictoria.com\/IBV\/wp-content\/uploads\/elementor\/thumbs\/cat_4-pam3zytk7h26r77m76ngudedm4l5lpyui4h46uyyyw.jpg' src='https:\/\/feyvictoria.com\/IBV\/wp-content\/uploads\/elementor\/thumbs\/cat_4-pam3zytk7h26r77m76ngudedm4l5lpyui4h46uyyyw.jpg' alt='masterstudy_placeholder' class=\"lazyload\" \/>\t\t<\/div>\n\t\t<div class=\"stm_contact_info\">\n\t\t\t\t\t<h4 class=\"name\">\n\t\t\t\tHenry Miller\t\t\t<\/h4>\n\t\t\t\t\t\t\t<div class=\"stm_contact_job heading_font\">\n\t\t\t\tHead of technology development\t\t\t<\/div>\n\t\t\t\t\t\t\t<div class=\"stm_contact_row\">\n\t\t\t\tTel\u00e9fono: 212 386 5576\t\t\t<\/div>\n\t\t\t\t\t\t\t<div class=\"stm_contact_row\">\n\t\t\t\tCorreo electr\u00f3nico:\t\t\t\t<a href=\"mailto:henry@stylemix.net\">\n\t\t\t\t\thenry@stylemix.net\t\t\t\t<\/a>\n\t\t\t<\/div>\n\t\t\t\t\t\t\t<div class=\"stm_contact_row\">\n\t\t\t\tSkype: \t\t\t\t<a href=\"skype:johnsonconstructtech?chat\">\n\t\t\t\t\tjohnsonconstructtech\t\t\t\t<\/a>\n\t\t\t<\/div>\n\t\t\t<\/div>\n<\/div>\n\t\t\t\t<\/div>\n\t\t\t\t<\/div>\n\t\t\t\t\t<\/div>\n\t\t<\/div>\n\t\t\t\t\t<\/div>\n\t\t<\/section>\n\t\t\t\t<\/div>\n\t\t","protected":false},"excerpt":{"rendered":"<p>Contact Info: Postal Address: Iglesia Fe y Victoria, Apdo. 326, Carretera a Tela, Fte a UTH El Progreso, Honduras Phone: +504 2647 0408 Skype: ibv.feyvictoria Email: ibv@feyvictoria.com Web: feyvictoria.com\/IBV Location Info: Escribanos: Your Contact Bernard Hannen Head of communications Tel\u00e9fono: 212 386 5575 Correo electr\u00f3nico: bernard@stylemix.net Skype: johnsonconstruct Henry Miller Head of technology development Tel\u00e9fono: [&hellip;]<\/p>\n","protected":false},"author":1,"featured_media":0,"parent":0,"menu_order":0,"comment_status":"closed","ping_status":"closed","template":"","meta":{"pmpro_default_level":"","footnotes":""},"class_list":["post-413","page","type-page","status-publish","hentry","pmpro-has-access"],"ams_acf":[],"_links":{"self":[{"href":"https:\/\/feyvictoria.com\/IBV\/wp-json\/wp\/v2\/pages\/413","targetHints":{"allow":["GET"]}}],"collection":[{"href":"https:\/\/feyvictoria.com\/IBV\/wp-json\/wp\/v2\/pages"}],"about":[{"href":"https:\/\/feyvictoria.com\/IBV\/wp-json\/wp\/v2\/types\/page"}],"author":[{"embeddable":true,"href":"https:\/\/feyvictoria.com\/IBV\/wp-json\/wp\/v2\/users\/1"}],"replies":[{"embeddable":true,"href":"https:\/\/feyvictoria.com\/IBV\/wp-json\/wp\/v2\/comments?post=413"}],"version-history":[{"count":13,"href":"https:\/\/feyvictoria.com\/IBV\/wp-json\/wp\/v2\/pages\/413\/revisions"}],"predecessor-version":[{"id":5147,"href":"https:\/\/feyvictoria.com\/IBV\/wp-json\/wp\/v2\/pages\/413\/revisions\/5147"}],"wp:attachment":[{"href":"https:\/\/feyvictoria.com\/IBV\/wp-json\/wp\/v2\/media?parent=413"}],"curies":[{"name":"wp","href":"https:\/\/api.w.org\/{rel}","templated":true}]}}