{"id":392,"date":"2018-07-26T07:17:24","date_gmt":"2018-07-26T07:17:24","guid":{"rendered":"http:\/\/lmsdemo.loc\/lms\/?page_id=392"},"modified":"2022-02-19T18:32:47","modified_gmt":"2022-02-19T18:32:47","slug":"about-us","status":"publish","type":"page","link":"https:\/\/feyvictoria.com\/IBV\/about-us\/","title":{"rendered":"About Us"},"content":{"rendered":"\t\t<div data-elementor-type=\"wp-page\" data-elementor-id=\"392\" class=\"elementor elementor-392\">\n\t\t\t\t\t\t<section class=\"elementor-section elementor-top-section elementor-element elementor-element-e01b338 elementor-section-stretched elementor-section-boxed elementor-section-height-default elementor-section-height-default\" data-id=\"e01b338\" data-element_type=\"section\" data-e-type=\"section\" data-settings=\"{&quot;background_background&quot;:&quot;classic&quot;,&quot;stretch_section&quot;:&quot;section-stretched&quot;}\">\n\t\t\t\t\t\t<div class=\"elementor-container elementor-column-gap-default\">\n\t\t\t\t\t<div class=\"elementor-column elementor-col-50 elementor-top-column elementor-element elementor-element-e01be72\" data-id=\"e01be72\" data-element_type=\"column\" data-e-type=\"column\">\n\t\t\t<div class=\"elementor-widget-wrap elementor-element-populated\">\n\t\t\t\t\t\t<div class=\"elementor-element elementor-element-e01c3a2 elementor-widget elementor-widget-vc_custom_heading\" data-id=\"e01c3a2\" data-element_type=\"widget\" data-e-type=\"widget\" data-widget_type=\"vc_custom_heading.default\">\n\t\t\t\t<div class=\"elementor-widget-container\">\n\t\t\t\t\t<div class=\" vc_custom_heading  masterstudy_heading_font  text_align_left\" ><h2 style=\"text-align: left;font-weight:300\" class=\"masterstudy-custom-title\">Le damos la m\u00e1s cordial bienvenida a este sitio web\n<\/h2><\/div>\t\t\t\t<\/div>\n\t\t\t\t<\/div>\n\t\t\t\t<div class=\"elementor-element elementor-element-e01dc0f elementor-widget elementor-widget-text-editor\" data-id=\"e01dc0f\" data-element_type=\"widget\" data-e-type=\"widget\" data-widget_type=\"text-editor.default\">\n\t\t\t\t<div class=\"elementor-widget-container\">\n\t\t\t\t\t\t\t\t\t<p><span id=\"es-RVR1960-30402\" class=\"text 1Pet-2-1\"><span class=\"chapternum\">I Pedro 2 <\/span><\/span><\/p>\n<p><span id=\"es-RVR1960-30402\" class=\"text 1Pet-2-1\">Desechando, pues, toda malicia, todo enga\u00f1o, hipocres\u00eda, envidias, y todas las detracciones,<\/span>\u00a0<span id=\"es-RVR1960-30403\" class=\"text 1Pet-2-2\"><sup class=\"versenum\">2\u00a0<\/sup>desead, como ni\u00f1os reci\u00e9n nacidos, la leche espiritual no adulterada, para que por ella crezc\u00e1is para salvaci\u00f3n,<\/span>\u00a0<span id=\"es-RVR1960-30404\" class=\"text 1Pet-2-3\"><sup class=\"versenum\">3\u00a0<\/sup>si es que hab\u00e9is gustado la benignidad del Se\u00f1or.<\/span><\/p>\n\t\t\t\t\t\t\t\t<\/div>\n\t\t\t\t<\/div>\n\t\t\t\t<div class=\"elementor-element elementor-element-e01e561 elementor-widget elementor-widget-vc_custom_heading\" data-id=\"e01e561\" data-element_type=\"widget\" data-e-type=\"widget\" data-widget_type=\"vc_custom_heading.default\">\n\t\t\t\t<div class=\"elementor-widget-container\">\n\t\t\t\t\t<div class=\" vc_custom_heading  masterstudy_heading_font  text_align_left\" ><h4 style=\"text-align: left;font-weight:300\" class=\"masterstudy-custom-title\">Somos parte de:\n<\/h4><\/div>\t\t\t\t<\/div>\n\t\t\t\t<\/div>\n\t\t\t\t<div class=\"elementor-element elementor-element-e01ea3c elementor-widget elementor-widget-stm_icon_box\" data-id=\"e01ea3c\" data-element_type=\"widget\" data-e-type=\"widget\" data-widget_type=\"stm_icon_box.default\">\n\t\t\t\t<div class=\"elementor-widget-container\">\n\t\t\t\t\t<style type=\"text\/css\">.module__ae37fe7e551f6e9f656f9639ff947d37 {\n    background: !important; color:#555555;\n}\n\n.module__ae37fe7e551f6e9f656f9639ff947d37 .icon {\n    width:13px;\n}\n.module__ae37fe7e551f6e9f656f9639ff947d37 .icon svg {\n\twidth: 15px;\n\theight: 15px;\n}\n.module__ae37fe7e551f6e9f656f9639ff947d37 .icon svg,\n.module__ae37fe7e551f6e9f656f9639ff947d37 .icon i {\n    font-size: 15px;\n    color: #eab830 !important;\n}\n.icon_alignment_top_left .module__ae37fe7e551f6e9f656f9639ff947d37 {\n    text-align: left;\n}\n.icon_alignment_top_center .module__ae37fe7e551f6e9f656f9639ff947d37 {\n    text-align: center;\n    margin-right: auto;\n    margin-left: auto;\n}\n.icon_alignment_top_right .module__ae37fe7e551f6e9f656f9639ff947d37 {\n    text-align: right;\n    margin-right: 0;\n    margin-left: auto;\n}\n<\/style>\n\t<a\t\n\t\thref=\"#\" \n\t\ttitle=\"\"\n\t\t\t>\n\n\t<div class=\"icon_box masterstudy_elementor_icon_box  stm_icon_box_hover_none standart module__ae37fe7e551f6e9f656f9639ff947d37 box_align_left clearfix\">\n\t\t<div class=\"icon_alignment_left\">\n\t\t\t\t\t\t\t<div class=\"icon module__ae37fe7e551f6e9f656f9639ff947d37\">\n\t\t\t\t\t\t\t\t\t\t\t<i class=\" far fa-fa fa-thumbs-up\"><\/i>\n\t\t\t\t\t\t\t\t\t<\/div>\n\t\t\t\n\t\t\t<div class=\"icon_text\">\n\t\t\t\t\t\t\t\t<p><p>Iglesias Fe y Victoria Global<\/p><\/p>\t\t\t<\/div>\n\t\t<\/div> <!-- align icons -->\n\t<\/div>\n\n\t<\/a>\n\t\t\t\t<\/div>\n\t\t\t\t<\/div>\n\t\t\t\t<div class=\"elementor-element elementor-element-e01ec38 elementor-widget elementor-widget-stm_icon_box\" data-id=\"e01ec38\" data-element_type=\"widget\" data-e-type=\"widget\" data-widget_type=\"stm_icon_box.default\">\n\t\t\t\t<div class=\"elementor-widget-container\">\n\t\t\t\t\t<style type=\"text\/css\">.module__c6c2ccfde28775e8a12d786cdd1a101b {\n    background: !important; color:#555555;\n}\n\n.module__c6c2ccfde28775e8a12d786cdd1a101b .icon {\n    width:13px;\n}\n.module__c6c2ccfde28775e8a12d786cdd1a101b .icon svg {\n\twidth: 15px;\n\theight: 15px;\n}\n.module__c6c2ccfde28775e8a12d786cdd1a101b .icon svg,\n.module__c6c2ccfde28775e8a12d786cdd1a101b .icon i {\n    font-size: 15px;\n    color: #eab830 !important;\n}\n.icon_alignment_top_left .module__c6c2ccfde28775e8a12d786cdd1a101b {\n    text-align: left;\n}\n.icon_alignment_top_center .module__c6c2ccfde28775e8a12d786cdd1a101b {\n    text-align: center;\n    margin-right: auto;\n    margin-left: auto;\n}\n.icon_alignment_top_right .module__c6c2ccfde28775e8a12d786cdd1a101b {\n    text-align: right;\n    margin-right: 0;\n    margin-left: auto;\n}\n<\/style>\n\t<a\t\n\t\thref=\"#\" \n\t\ttitle=\"\"\n\t\t\t>\n\n\t<div class=\"icon_box masterstudy_elementor_icon_box  stm_icon_box_hover_none standart module__c6c2ccfde28775e8a12d786cdd1a101b box_align_left clearfix\">\n\t\t<div class=\"icon_alignment_left\">\n\t\t\t\t\t\t\t<div class=\"icon module__c6c2ccfde28775e8a12d786cdd1a101b\">\n\t\t\t\t\t\t\t\t\t\t\t<i class=\" far fa-fa fa-thumbs-up\"><\/i>\n\t\t\t\t\t\t\t\t\t<\/div>\n\t\t\t\n\t\t\t<div class=\"icon_text\">\n\t\t\t\t\t\t\t\t<p><p>Instituto B\u00edblico Victoria Internacional. Tulsa, Oklahoma, EEUU<\/p><\/p>\t\t\t<\/div>\n\t\t<\/div> <!-- align icons -->\n\t<\/div>\n\n\t<\/a>\n\t\t\t\t<\/div>\n\t\t\t\t<\/div>\n\t\t\t\t<div class=\"elementor-element elementor-element-e01ee2e elementor-widget elementor-widget-stm_icon_box\" data-id=\"e01ee2e\" data-element_type=\"widget\" data-e-type=\"widget\" data-widget_type=\"stm_icon_box.default\">\n\t\t\t\t<div class=\"elementor-widget-container\">\n\t\t\t\t\t<style type=\"text\/css\">.module__114c5ba8b719ecb1f91cfec72b5a1b09 {\n    background: !important; color:#555555;\n}\n\n.module__114c5ba8b719ecb1f91cfec72b5a1b09 .icon {\n    width:13px;\n}\n.module__114c5ba8b719ecb1f91cfec72b5a1b09 .icon svg {\n\twidth: 15px;\n\theight: 15px;\n}\n.module__114c5ba8b719ecb1f91cfec72b5a1b09 .icon svg,\n.module__114c5ba8b719ecb1f91cfec72b5a1b09 .icon i {\n    font-size: 15px;\n    color: #eab830 !important;\n}\n.icon_alignment_top_left .module__114c5ba8b719ecb1f91cfec72b5a1b09 {\n    text-align: left;\n}\n.icon_alignment_top_center .module__114c5ba8b719ecb1f91cfec72b5a1b09 {\n    text-align: center;\n    margin-right: auto;\n    margin-left: auto;\n}\n.icon_alignment_top_right .module__114c5ba8b719ecb1f91cfec72b5a1b09 {\n    text-align: right;\n    margin-right: 0;\n    margin-left: auto;\n}\n<\/style>\n\t<a\t\n\t\thref=\"#\" \n\t\ttitle=\"\"\n\t\t\t>\n\n\t<div class=\"icon_box masterstudy_elementor_icon_box  stm_icon_box_hover_none standart module__114c5ba8b719ecb1f91cfec72b5a1b09 box_align_left clearfix\">\n\t\t<div class=\"icon_alignment_left\">\n\t\t\t\t\t\t\t<div class=\"icon module__114c5ba8b719ecb1f91cfec72b5a1b09\">\n\t\t\t\t\t\t\t\t\t\t\t<i class=\" far fa-fa fa-thumbs-up\"><\/i>\n\t\t\t\t\t\t\t\t\t<\/div>\n\t\t\t\n\t\t\t<div class=\"icon_text\">\n\t\t\t\t\t\t\t\t<p><p>Fundado por pastores Hern\u00e1n y Belinda C\u00e1lix<\/p><\/p>\t\t\t<\/div>\n\t\t<\/div> <!-- align icons -->\n\t<\/div>\n\n\t<\/a>\n\t\t\t\t<\/div>\n\t\t\t\t<\/div>\n\t\t\t\t<div class=\"elementor-element elementor-element-e01f056 elementor-widget elementor-widget-image\" data-id=\"e01f056\" data-element_type=\"widget\" data-e-type=\"widget\" data-widget_type=\"image.default\">\n\t\t\t\t<div class=\"elementor-widget-container\">\n\t\t\t\t\t\t\t\t\t\t\t\t\t\t\t<img decoding=\"async\" src=\"https:\/\/feyvictoria.com\/IBV\/wp-content\/uploads\/elementor\/thumbs\/course_image-pam3ze5geop41vv2fjq2klyqp67jwmxy9is59clr80.jpg\" title=\"course_image\" alt=\"masterstudy_placeholder\" loading=\"lazy\" \/>\t\t\t\t\t\t\t\t\t\t\t\t\t\t\t<\/div>\n\t\t\t\t<\/div>\n\t\t\t\t\t<\/div>\n\t\t<\/div>\n\t\t\t\t<div class=\"elementor-column elementor-col-50 elementor-top-column elementor-element elementor-element-e0202fd\" data-id=\"e0202fd\" data-element_type=\"column\" data-e-type=\"column\">\n\t\t\t<div class=\"elementor-widget-wrap elementor-element-populated\">\n\t\t\t\t\t\t<div class=\"elementor-element elementor-element-e020a06 elementor-widget elementor-widget-image\" data-id=\"e020a06\" data-element_type=\"widget\" data-e-type=\"widget\" data-widget_type=\"image.default\">\n\t\t\t\t<div class=\"elementor-widget-container\">\n\t\t\t\t\t\t\t\t\t\t\t\t\t\t\t<img decoding=\"async\" src=\"https:\/\/feyvictoria.com\/IBV\/wp-content\/uploads\/2022\/02\/WhatsApp-Image-2022-02-16-at-5.42.06-PM-e1645292389270-834x700.jpeg\" title=\"Logo IBV HN 2022\" alt=\"Logo IBV HN 2022\" loading=\"lazy\" \/>\t\t\t\t\t\t\t\t\t\t\t\t\t\t\t<\/div>\n\t\t\t\t<\/div>\n\t\t\t\t<div class=\"elementor-element elementor-element-e02234d elementor-tabs-view-horizontal elementor-widget elementor-widget-tabs\" data-id=\"e02234d\" data-element_type=\"widget\" data-e-type=\"widget\" data-widget_type=\"tabs.default\">\n\t\t\t\t<div class=\"elementor-widget-container\">\n\t\t\t\t\t\t\t<div class=\"elementor-tabs\">\n\t\t\t<div class=\"elementor-tabs-wrapper\" role=\"tablist\" >\n\t\t\t\t\t\t\t\t\t<div id=\"elementor-tab-title-2351\" class=\"elementor-tab-title elementor-tab-desktop-title\" aria-selected=\"true\" data-tab=\"1\" role=\"tab\" tabindex=\"0\" aria-controls=\"elementor-tab-content-2351\" aria-expanded=\"false\">Notas<\/div>\n\t\t\t\t\t\t\t\t\t<div id=\"elementor-tab-title-2352\" class=\"elementor-tab-title elementor-tab-desktop-title\" aria-selected=\"false\" data-tab=\"2\" role=\"tab\" tabindex=\"-1\" aria-controls=\"elementor-tab-content-2352\" aria-expanded=\"false\">Contacto<\/div>\n\t\t\t\t\t\t\t<\/div>\n\t\t\t<div class=\"elementor-tabs-content-wrapper\" role=\"tablist\" aria-orientation=\"vertical\">\n\t\t\t\t\t\t\t\t\t<div class=\"elementor-tab-title elementor-tab-mobile-title\" aria-selected=\"true\" data-tab=\"1\" role=\"tab\" tabindex=\"0\" aria-controls=\"elementor-tab-content-2351\" aria-expanded=\"false\">Notas<\/div>\n\t\t\t\t\t<div id=\"elementor-tab-content-2351\" class=\"elementor-tab-content elementor-clearfix\" data-tab=\"1\" role=\"tabpanel\" aria-labelledby=\"elementor-tab-title-2351\" tabindex=\"0\" hidden=\"false\"><p>Proximamente mas info<\/p>\n<\/div>\n\t\t\t\t\t\t\t\t\t<div class=\"elementor-tab-title elementor-tab-mobile-title\" aria-selected=\"false\" data-tab=\"2\" role=\"tab\" tabindex=\"-1\" aria-controls=\"elementor-tab-content-2352\" aria-expanded=\"false\">Contacto<\/div>\n\t\t\t\t\t<div id=\"elementor-tab-content-2352\" class=\"elementor-tab-content elementor-clearfix\" data-tab=\"2\" role=\"tabpanel\" aria-labelledby=\"elementor-tab-title-2352\" tabindex=\"0\" hidden=\"hidden\"><p>\n<div class=\"wpcf7 no-js\" id=\"wpcf7-f403-p392-o1\" lang=\"en-US\" dir=\"ltr\" data-wpcf7-id=\"403\">\n<div class=\"screen-reader-response\"><p role=\"status\" aria-live=\"polite\" aria-atomic=\"true\"><\/p> <ul><\/ul><\/div>\n<form action=\"\/IBV\/about-us\/#wpcf7-f403-p392-o1\" method=\"post\" class=\"wpcf7-form init\" aria-label=\"Contact form\" novalidate=\"novalidate\" data-status=\"init\">\n<fieldset class=\"hidden-fields-container\"><input type=\"hidden\" name=\"_wpcf7\" value=\"403\" \/><input type=\"hidden\" name=\"_wpcf7_version\" value=\"6.1.5\" \/><input type=\"hidden\" name=\"_wpcf7_locale\" value=\"en_US\" \/><input type=\"hidden\" name=\"_wpcf7_unit_tag\" value=\"wpcf7-f403-p392-o1\" \/><input type=\"hidden\" name=\"_wpcf7_container_post\" value=\"392\" \/><input type=\"hidden\" name=\"_wpcf7_posted_data_hash\" value=\"\" \/>\n<\/fieldset>\n<div class=\"row\">\n\t<div class=\"col-xs-12 col-sm-6 col-md-6 col-lg-6\">\n\t\t<div class=\"form-group\">\n\t\t\t<p><span class=\"wpcf7-form-control-wrap\" data-name=\"name\"><input size=\"40\" maxlength=\"400\" class=\"wpcf7-form-control wpcf7-text wpcf7-validates-as-required form-control\" aria-required=\"true\" aria-invalid=\"false\" placeholder=\"Your Name\" value=\"\" type=\"text\" name=\"name\" \/><\/span>\n\t\t\t<\/p>\n\t\t<\/div>\n\t<\/div>\n\t<div class=\"col-xs-12 col-sm-6 col-md-6 col-lg-6\">\n\t\t<div class=\"form-group\">\n\t\t\t<p><span class=\"wpcf7-form-control-wrap\" data-name=\"email\"><input size=\"40\" maxlength=\"400\" class=\"wpcf7-form-control wpcf7-email wpcf7-validates-as-required wpcf7-text wpcf7-validates-as-email form-control\" aria-required=\"true\" aria-invalid=\"false\" placeholder=\"Your Email\" value=\"\" type=\"email\" name=\"email\" \/><\/span>\n\t\t\t<\/p>\n\t\t<\/div>\n\t<\/div>\n<\/div>\n<div class=\"row\">\n\t<div class=\"col-xs-12 col-sm-12 col-md-12 col-lg-12\">\n\t\t<div class=\"form-group\">\n\t\t\t<p><span class=\"wpcf7-form-control-wrap\" data-name=\"message\"><textarea cols=\"40\" rows=\"9\" maxlength=\"2000\" class=\"wpcf7-form-control wpcf7-textarea wpcf7-validates-as-required form-control\" aria-required=\"true\" aria-invalid=\"false\" name=\"message\"><\/textarea><\/span>\n\t\t\t<\/p>\n\t\t<\/div>\n\t<\/div>\n<\/div>\n<div class=\"row\">\n\t<div class=\"col-xs-12 col-sm-12 col-md-12 col-lg-12\">\n\t\t<p><input class=\"wpcf7-form-control wpcf7-submit has-spinner btn btn-default\" type=\"submit\" value=\"Submit\" \/>\n\t\t<\/p>\n\t<\/div>\n<\/div><div class=\"wpcf7-response-output\" aria-hidden=\"true\"><\/div>\n<\/form>\n<\/div>\n<\/p>\n<\/div>\n\t\t\t\t\t\t\t<\/div>\n\t\t<\/div>\n\t\t\t\t\t\t<\/div>\n\t\t\t\t<\/div>\n\t\t\t\t\t<\/div>\n\t\t<\/div>\n\t\t\t\t\t<\/div>\n\t\t<\/section>\n\t\t\t\t<section class=\"elementor-section elementor-top-section elementor-element elementor-element-e026029 elementor-section-boxed elementor-section-height-default elementor-section-height-default\" data-id=\"e026029\" data-element_type=\"section\" data-e-type=\"section\">\n\t\t\t\t\t\t<div class=\"elementor-container elementor-column-gap-default\">\n\t\t\t\t\t<div class=\"elementor-column elementor-col-100 elementor-top-column elementor-element elementor-element-e026b5d\" data-id=\"e026b5d\" data-element_type=\"column\" data-e-type=\"column\">\n\t\t\t<div class=\"elementor-widget-wrap elementor-element-populated\">\n\t\t\t\t\t\t<div class=\"elementor-element elementor-element-e026f3f elementor-widget elementor-widget-stm_multy_separator\" data-id=\"e026f3f\" data-element_type=\"widget\" data-e-type=\"widget\" data-widget_type=\"stm_multy_separator.default\">\n\t\t\t\t<div class=\"elementor-widget-container\">\n\t\t\t\t\t\n<div class=\"multiseparator masterstudy_elementor_multy_separator_\"><\/div>\n\t\t\t\t<\/div>\n\t\t\t\t<\/div>\n\t\t\t\t<div class=\"elementor-element elementor-element-e026fe7 elementor-widget elementor-widget-vc_custom_heading\" data-id=\"e026fe7\" data-element_type=\"widget\" data-e-type=\"widget\" data-widget_type=\"vc_custom_heading.default\">\n\t\t\t\t<div class=\"elementor-widget-container\">\n\t\t\t\t\t<div class=\" vc_custom_heading  masterstudy_heading_font  text_align_left\" ><h2 style=\"text-align: left;font-weight:300\" class=\"masterstudy-custom-title\">Proximamente Certificationes\n<\/h2><\/div>\t\t\t\t<\/div>\n\t\t\t\t<\/div>\n\t\t\t\t<section class=\"elementor-section elementor-top-section elementor-element elementor-element-e02719c elementor-section-boxed elementor-section-height-default elementor-section-height-default\" data-id=\"e02719c\" data-element_type=\"section\" data-e-type=\"section\">\n\t\t\t\t\t\t<div class=\"elementor-container elementor-column-gap-default\">\n\t\t\t\t\t<div class=\"elementor-column elementor-col-33 elementor-top-column elementor-element elementor-element-e027762\" data-id=\"e027762\" data-element_type=\"column\" data-e-type=\"column\">\n\t\t\t<div class=\"elementor-widget-wrap\">\n\t\t\t\t\t\t\t<\/div>\n\t\t<\/div>\n\t\t\t\t<div class=\"elementor-column elementor-col-33 elementor-top-column elementor-element elementor-element-e02a452\" data-id=\"e02a452\" data-element_type=\"column\" data-e-type=\"column\">\n\t\t\t<div class=\"elementor-widget-wrap\">\n\t\t\t\t\t\t\t<\/div>\n\t\t<\/div>\n\t\t\t\t<div class=\"elementor-column elementor-col-33 elementor-top-column elementor-element elementor-element-e02b06c\" data-id=\"e02b06c\" data-element_type=\"column\" data-e-type=\"column\">\n\t\t\t<div class=\"elementor-widget-wrap\">\n\t\t\t\t\t\t\t<\/div>\n\t\t<\/div>\n\t\t\t\t\t<\/div>\n\t\t<\/section>\n\t\t\t\t\t<\/div>\n\t\t<\/div>\n\t\t\t\t\t<\/div>\n\t\t<\/section>\n\t\t\t\t<\/div>\n\t\t","protected":false},"excerpt":{"rendered":"<p>Le damos la m\u00e1s cordial bienvenida a este sitio web I Pedro 2 Desechando, pues, toda malicia, todo enga\u00f1o, hipocres\u00eda, envidias, y todas las detracciones,\u00a02\u00a0desead, como ni\u00f1os reci\u00e9n nacidos, la leche espiritual no adulterada, para que por ella crezc\u00e1is para salvaci\u00f3n,\u00a03\u00a0si es que hab\u00e9is gustado la benignidad del Se\u00f1or. Somos parte de: Iglesias Fe y [&hellip;]<\/p>\n","protected":false},"author":1,"featured_media":0,"parent":0,"menu_order":0,"comment_status":"closed","ping_status":"closed","template":"","meta":{"pmpro_default_level":"","footnotes":""},"class_list":["post-392","page","type-page","status-publish","hentry","pmpro-has-access"],"ams_acf":[],"_links":{"self":[{"href":"https:\/\/feyvictoria.com\/IBV\/wp-json\/wp\/v2\/pages\/392","targetHints":{"allow":["GET"]}}],"collection":[{"href":"https:\/\/feyvictoria.com\/IBV\/wp-json\/wp\/v2\/pages"}],"about":[{"href":"https:\/\/feyvictoria.com\/IBV\/wp-json\/wp\/v2\/types\/page"}],"author":[{"embeddable":true,"href":"https:\/\/feyvictoria.com\/IBV\/wp-json\/wp\/v2\/users\/1"}],"replies":[{"embeddable":true,"href":"https:\/\/feyvictoria.com\/IBV\/wp-json\/wp\/v2\/comments?post=392"}],"version-history":[{"count":3,"href":"https:\/\/feyvictoria.com\/IBV\/wp-json\/wp\/v2\/pages\/392\/revisions"}],"predecessor-version":[{"id":5133,"href":"https:\/\/feyvictoria.com\/IBV\/wp-json\/wp\/v2\/pages\/392\/revisions\/5133"}],"wp:attachment":[{"href":"https:\/\/feyvictoria.com\/IBV\/wp-json\/wp\/v2\/media?parent=392"}],"curies":[{"name":"wp","href":"https:\/\/api.w.org\/{rel}","templated":true}]}}